{"id":7812,"date":"2022-03-30T11:47:12","date_gmt":"2022-03-30T15:47:12","guid":{"rendered":"https:\/\/formationcroisee.com\/partners\/"},"modified":"2022-05-10T21:40:43","modified_gmt":"2022-05-11T01:40:43","slug":"partners","status":"publish","type":"page","link":"https:\/\/formationcroisee.com\/en\/partners\/","title":{"rendered":"Partners"},"content":{"rendered":"<p><strong>STEERING COMMITTEE<\/strong><\/p>\n<p><strong>West Island University Health and Social Services Centre <\/strong><\/p>\n<ul>\n<li>Mental Health and Addictions Programs Directorate: Amine Saadi<\/li>\n<li>Directorate of the Support for the Independence of the Elderly Program<\/li>\n<li>Youth Program Branch: Katherine Moxness<\/li>\n<li>Direction of University Affairs, Teaching and Research, Knowledge Transfer Service: Genevi\u00e8ve C\u00f4t\u00e9-Leblanc<\/li>\n<\/ul>\n<p><strong>Center for Integrated University Health and Social Services of the Centre-Sud-de-l&#8217;\u00cele-de-Montr\u00e9al<\/strong><\/p>\n<ul>\n<li>Fran\u00e7ois Tremblay and Fr\u00e9d\u00e9ric Maari<\/li>\n<li>Montreal Public Health Department: Nicole Perreault<\/li>\n<li>Center de rehabilitation in addiction of Montreal &#8211; University Institute: Anne Wittevrongel<\/li>\n<li>Montreal Youth Centre: Richard D\u00e9sormeaux<\/li>\n<li>Center of Research and Assistance for Drug Users: Claire Thiboutot<\/li>\n<\/ul>\n<p><strong>Center for Integrated Health and Social Services of the North Shore of Montreal<\/strong><\/p>\n<p><strong>Center for Integrated Health and Social Services of the Mont\u00e9r\u00e9gie-Ouest<\/strong><\/p>\n<ul>\n<li>Center for Addiction Rehabilitation Foster: Ximena Rodrigues Solis<\/li>\n<\/ul>\n<p><strong>Center for Integrated Health and Social Services of Mauricie-et-du-Centre-du-Qu\u00e9bec<\/strong><\/p>\n<ul>\n<li>Nadia L\u2019Esp\u00e9rance<\/li>\n<\/ul>\n<p><strong>Center for Integrated Health and Social Services of the Outaouais<\/strong><\/p>\n<p><strong>L&#8217;Autre Maison Crisis Centre<\/strong><\/p>\n<ul>\n<li>Cindy Subaihi<\/li>\n<\/ul>\n<p><strong>City of Montreal Police Department<\/strong><\/p>\n<ul>\n<li>Julie B\u00e9rub\u00e9 and Julie Prince-Dagenais<\/li>\n<\/ul>\n<p><strong>Dianova<\/strong><\/p>\n<ul>\n<li>Bruno Ferrari<\/li>\n<\/ul>\n<p><strong>Montreal School Board<\/strong><\/p>\n<ul>\n<li>Shanie Beaudoin<\/li>\n<li>Marie-Christine De Courcy, Am\u00e9lie Jett\u00e9 and V\u00e9ronique Ross<\/li>\n<\/ul>\n<p><strong>School Board of the Pointe-de-l&#8217;\u00cele<\/strong><\/p>\n<p><strong>Quebec Addiction Workers Association<\/strong><\/p>\n<ul>\n<li>Sandhia Vadlamudy<\/li>\n<\/ul>\n<p><strong>The Quebec Association of Addiction Intervention Centers<\/strong><\/p>\n<ul>\n<li>Vincent Marcoux<\/li>\n<\/ul>\n<p><strong>Direction of services in dependencies and homelessness &#8211; Ministry of Health and Social Services<\/strong><\/p>\n<ul>\n<li>Marie-Louise Beaulieu-Bourgeois<\/li>\n<\/ul>\n","protected":false},"excerpt":{"rendered":"<p>STEERING COMMITTEE West Island University Health and Social Services Centre Mental Health and Addictions Programs Directorate: Amine Saadi Directorate of &hellip; <a href=\"https:\/\/formationcroisee.com\/en\/partners\/\" class=\"more-link\">Continue reading<span class=\"screen-reader-text\"> &#8220;Partners&#8221;<\/span><\/a><\/p>\n","protected":false},"author":293,"featured_media":0,"parent":0,"menu_order":0,"comment_status":"closed","ping_status":"closed","template":"","meta":{"_acf_changed":false,"footnotes":""},"class_list":["post-7812","page","type-page","status-publish","hentry"],"acf":[],"_links":{"self":[{"href":"https:\/\/formationcroisee.com\/en\/wp-json\/wp\/v2\/pages\/7812","targetHints":{"allow":["GET"]}}],"collection":[{"href":"https:\/\/formationcroisee.com\/en\/wp-json\/wp\/v2\/pages"}],"about":[{"href":"https:\/\/formationcroisee.com\/en\/wp-json\/wp\/v2\/types\/page"}],"author":[{"embeddable":true,"href":"https:\/\/formationcroisee.com\/en\/wp-json\/wp\/v2\/users\/293"}],"replies":[{"embeddable":true,"href":"https:\/\/formationcroisee.com\/en\/wp-json\/wp\/v2\/comments?post=7812"}],"version-history":[{"count":0,"href":"https:\/\/formationcroisee.com\/en\/wp-json\/wp\/v2\/pages\/7812\/revisions"}],"wp:attachment":[{"href":"https:\/\/formationcroisee.com\/en\/wp-json\/wp\/v2\/media?parent=7812"}],"curies":[{"name":"wp","href":"https:\/\/api.w.org\/{rel}","templated":true}]}}